{"id":810,"date":"2024-06-26T14:44:41","date_gmt":"2024-06-26T14:44:41","guid":{"rendered":"https:\/\/www.rodopluhukuk.com\/articles\/"},"modified":"2024-07-12T08:52:37","modified_gmt":"2024-07-12T08:52:37","slug":"articles","status":"publish","type":"page","link":"https:\/\/www.rodopluhukuk.com\/fr\/articles\/","title":{"rendered":"Articles"},"content":{"rendered":"\t\t<div data-elementor-type=\"wp-page\" data-elementor-id=\"810\" class=\"elementor elementor-810 elementor-423\" data-elementor-post-type=\"page\">\n\t\t\t\t<div class=\"elementor-element elementor-element-7330822 e-flex e-con-boxed e-con e-parent\" data-id=\"7330822\" data-element_type=\"container\">\n\t\t\t\t\t<div class=\"e-con-inner\">\n\t\t\t\t<div class=\"elementor-element elementor-element-c501d44 elementor-invisible elementor-widget elementor-widget-ucaddon_side_border_heading\" data-id=\"c501d44\" data-element_type=\"widget\" data-settings=\"{&quot;_animation&quot;:&quot;fadeInDown&quot;}\" data-widget_type=\"ucaddon_side_border_heading.default\">\n\t\t\t\t<div class=\"elementor-widget-container\">\n\t\t\t\n<!-- start Side Line Heading -->\n<style>\/* widget: Side Line Heading *\/\n\n#uc_side_border_heading_elementor_c501d44\n{\n  display:flex;\n}\n\n#uc_side_border_heading_elementor_c501d44 .side_border_heading_title\n{\n  color:black;\n}\n\n#uc_side_border_heading_elementor_c501d44 .side_border_heading_subtitle\n{\n  line-height:1.5em;\n  color:gray;\n}\n#uc_side_border_heading_elementor_c501d44 .side_border_heading_line_holder{\nflex-shrink: 0;\n}\n\n#uc_side_border_heading_elementor_c501d44 .side_border_heading_line_spacer{\nflex-shrink: 0;\n}\n\n<\/style>\n\n<div id=\"uc_side_border_heading_elementor_c501d44\">\n  <div class=\"side_border_heading_line_holder\"><div class=\"side_border_heading_line\" style=\"background-color:#CA7361;\"><\/div><\/div>\n  <div class=\"side_border_heading_line_spacer\"><\/div>\n  <div>\n    <div class=\"side_border_heading_title\"><span  class=\"uc_style_side_border_heading_elementor_title\" style=\"color:#CA7361;\"><h1>Articles<\/h1><\/span><\/div>\n    <div class=\"side_border_heading_subtitle\"><\/div>\n  <\/div>\n<\/div>\n<!-- end Side Line Heading -->\t\t<\/div>\n\t\t\t\t<\/div>\n\t\t\t\t<div class=\"elementor-element elementor-element-45b748a elementor-invisible elementor-widget elementor-widget-text-editor\" data-id=\"45b748a\" data-element_type=\"widget\" data-settings=\"{&quot;_animation&quot;:&quot;fadeInUp&quot;}\" data-widget_type=\"text-editor.default\">\n\t\t\t\t<div class=\"elementor-widget-container\">\n\t\t\t<style>\/*! elementor - v3.21.0 - 26-05-2024 *\/\n.elementor-widget-text-editor.elementor-drop-cap-view-stacked .elementor-drop-cap{background-color:#69727d;color:#fff}.elementor-widget-text-editor.elementor-drop-cap-view-framed .elementor-drop-cap{color:#69727d;border:3px solid;background-color:transparent}.elementor-widget-text-editor:not(.elementor-drop-cap-view-default) .elementor-drop-cap{margin-top:8px}.elementor-widget-text-editor:not(.elementor-drop-cap-view-default) .elementor-drop-cap-letter{width:1em;height:1em}.elementor-widget-text-editor .elementor-drop-cap{float:left;text-align:center;line-height:1;font-size:50px}.elementor-widget-text-editor .elementor-drop-cap-letter{display:inline-block}<\/style>\t\t\t\t<p>Les articles de cette section ne sont disponibles qu&rsquo;en turc.<\/p>\n\t\t\t\t\t\t<\/div>\n\t\t\t\t<\/div>\n\t\t<div class=\"elementor-element elementor-element-1a01b6e e-flex e-con-boxed elementor-invisible e-con e-child\" data-id=\"1a01b6e\" data-element_type=\"container\" data-settings=\"{&quot;animation&quot;:&quot;fadeInUp&quot;}\">\n\t\t\t\t\t<div class=\"e-con-inner\">\n\t\t<div class=\"elementor-element elementor-element-e0860ef e-con-full e-flex e-con e-child\" data-id=\"e0860ef\" data-element_type=\"container\">\n\t\t\t\t<div class=\"elementor-element elementor-element-f2252b3 elementor-widget elementor-widget-ucaddon_ue_buttons_post_filter\" data-id=\"f2252b3\" data-element_type=\"widget\" data-settings=\"{&quot;sticky&quot;:&quot;top&quot;,&quot;sticky_offset&quot;:80,&quot;sticky_parent&quot;:&quot;yes&quot;,&quot;sticky_on&quot;:[&quot;desktop&quot;],&quot;sticky_effects_offset&quot;:0}\" data-widget_type=\"ucaddon_ue_buttons_post_filter.default\">\n\t\t\t\t<div class=\"elementor-widget-container\">\n\t\t\t\n<!-- start Tabs Filter -->\n\t\t<link id='font-awesome-css' href='https:\/\/www.rodopluhukuk.com\/wp-content\/plugins\/unlimited-elements-for-elementor-premium\/assets_libraries\/font-awesome6\/fontawesome-all.min.css' type='text\/css' rel='stylesheet' >\n\t\t<link id='font-awesome-4-shim-css' href='https:\/\/www.rodopluhukuk.com\/wp-content\/plugins\/unlimited-elements-for-elementor-premium\/assets_libraries\/font-awesome6\/fontawesome-v4-shims.min.css' type='text\/css' rel='stylesheet' >\n\n<style>\/* widget: Tabs Filter *\/\n\n#uc_ue_buttons_post_filter_elementor_f2252b3.uc-filter-initing{\n    opacity:0.8;\n    cursor:default;\n}\n\n#uc_ue_buttons_post_filter_elementor_f2252b3 .ue-debug-meta\n{\n  font-size:10px;\n  border:1px solid red;\n  padding:10px;\n}\n\n#uc_ue_buttons_post_filter_elementor_f2252b3 .ue_taxonomy_image img\n{\n  display:block;\n}\n\n#uc_ue_buttons_post_filter_elementor_f2252b3.ue_taxonomy\n{\n  flex-wrap: wrap;\n}\n\n#uc_ue_buttons_post_filter_elementor_f2252b3 a.ue_taxonomy_item\n{\n  display:block;\n}\n\n\n\n#uc_ue_buttons_post_filter_elementor_f2252b3 .uc-item-hidden{\n\tdisplay:none !important;\n}\n\n\n#uc_ue_buttons_post_filter_elementor_f2252b3.uc-filter-initing a{\n   cursor:default;\n   background-color:lightgray !important;\n}\n\n#uc_ue_buttons_post_filter_elementor_f2252b3.uc-filter-initing .ue_taxonomy_item_content{\n\tvisibility:hidden;\n}\n\n\n\n\n#uc_ue_buttons_post_filter_elementor_f2252b3.uc-filter-hidden,\n#uc_ue_buttons_post_filter_elementor_f2252b3.uc-filter-initing.uc-initing-filter-hidden{\n  display:none !important;\n}\n\n\n#uc_ue_buttons_post_filter_elementor_f2252b3 .ue_taxonomy_item_content\n{\n  display:flex;\n  align-items:center;\n}\n\n#uc_ue_buttons_post_filter_elementor_f2252b3 .ue_taxonomy_item_icon\n{\n  flex-grow:0;\n  flex-shrink:0;\n}\n\n#uc_ue_buttons_post_filter_elementor_f2252b3 .ue_taxonomy_item_icon_spacer\n{\n  flex-grow:0;\n  flex-shrink:0;\n}\n\n#uc_ue_buttons_post_filter_elementor_f2252b3 .ue_taxonomy_item_num_posts\n{\n  flex-grow:0;\n  flex-shrink:0;\n}\n\n#uc_ue_buttons_post_filter_elementor_f2252b3 .ue_taxonomy_item_title\n{\n  flex-grow:1;\n}\n\n\n#uc_ue_buttons_post_filter_elementor_f2252b3 .ue_taxonomy_item_num_posts_spacer\n{\n  flex-grow:0;\n  flex-shrink:0;\n}\n\n#uc_ue_buttons_post_filter_elementor_f2252b3 .uc-hide-loading-item{\n\tdisplay:none !important;\n}\n\n\n#uc_ue_buttons_post_filter_elementor_f2252b3-toggle\n{\n  display:none;\n}\n\n#uc_ue_buttons_post_filter_elementor_f2252b3-toggle .#uc_ue_buttons_post_filter_elementor_f2252b3-toggle\n{\n  display:none;\n}\n\n#uc_ue_buttons_post_filter_elementor_f2252b3-toggle .ue_taxonomy_toggle_icon\n{\n  display:inline-flex;\n  align-items:center;\n  justify-content:center;\n  line-height:1em;\n  cursor:pointer;\n}\n\n#uc_ue_buttons_post_filter_elementor_f2252b3-toggle .ue_taxonomy_toggle_icon svg\n{\n  height:1em;\n  width:1em;\n}\n\n\n#uc_ue_buttons_post_filter_elementor_f2252b3-toggle .ue_taxonomy_toggle_icon_close\n{\n  display:none;\n}\n\n  #uc_ue_buttons_post_filter_elementor_f2252b3 .uc-item-all .ue_taxonomy_item_num_posts_spacer,\n  #uc_ue_buttons_post_filter_elementor_f2252b3 .uc-item-all .ue_taxonomy_item_num_posts{\n\t \tdisplay:none !important;\n  }\n\n\n\n\n<\/style>\n\n\n<div class=\"ue_taxonomy_toggle\" id=\"uc_ue_buttons_post_filter_elementor_f2252b3-toggle\">\n  <div class=\"ue_taxonomy_toggle_icon\">\n    <div class=\"ue_taxonomy_toggle_icon_open\"><i class='fas fa-bars'><\/i><\/div>\n    <div class=\"ue_taxonomy_toggle_icon_close\"><i class='fas fa-times'><\/i><\/div>\n  <\/div>\n<\/div>\n\n\n<div id=\"uc_ue_buttons_post_filter_elementor_f2252b3-container\">\n  \n<div id=\"uc_ue_buttons_post_filter_elementor_f2252b3\" class=\"ue_taxonomy  uc-grid-filter uc-filter-initing\" data-isfilter=\"\" data-filtertype=\"terms_list\"  data-initafter=\"true\" style=\"\">\n    \n    \n  \n      \n        \n  \t<a href=\"javascript:void(0)\" class=\"ue_taxonomy_item  uc-item-all uc-selected  uc-filter-item-hidden \"     >\n          \n          \n   \n      \n    <div class=\"ue_taxonomy_item_content\">\n            <span  class=\"ue_taxonomy_item_title\">Tous<\/span>\n          <\/div>\n      \n            \n      \n            \n  <\/a>\n  \n  \n  \n  \n  \n  \n      \n        \n  \t<a href=\"javascript:void(0)\" class=\"ue_taxonomy_item   uc-filter-item-hidden \"  data-id=\"12\" data-type=\"term\" data-slug=\"mevzuat-degisiklikleri-fr\" data-taxonomy=\"category\" data-title=\"Mevzuat De\u011fi\u015fiklikleri\" data-key=\"term|category|mevzuat-degisiklikleri-fr\"     >\n          \n          \n   \n      \n    <div class=\"ue_taxonomy_item_content\">\n            <span  class=\"ue_taxonomy_item_title\">Mevzuat De\u011fi\u015fiklikleri<\/span>\n          <\/div>\n      \n            \n      \n            \n  <\/a>\n  \n  \n  \n  \n  \n  \n      \n        \n  \t<a href=\"javascript:void(0)\" class=\"ue_taxonomy_item   uc-filter-item-hidden \"  data-id=\"23\" data-type=\"term\" data-slug=\"sozlesme-hukuku-fr\" data-taxonomy=\"category\" data-title=\"S\u00f6zle\u015fme Hukuku\" data-key=\"term|category|sozlesme-hukuku-fr\"     >\n          \n          \n   \n      \n    <div class=\"ue_taxonomy_item_content\">\n            <span  class=\"ue_taxonomy_item_title\">S\u00f6zle\u015fme Hukuku<\/span>\n          <\/div>\n      \n            \n      \n            \n  <\/a>\n  \n  \n  \n  \n  \n    \n<\/div>\n\n  \n<\/div>\n\n<!-- end Tabs Filter -->\t\t<\/div>\n\t\t\t\t<\/div>\n\t\t\t\t<\/div>\n\t\t<div class=\"elementor-element elementor-element-e4d07ff e-flex e-con-boxed e-con e-child\" data-id=\"e4d07ff\" data-element_type=\"container\">\n\t\t\t\t\t<div class=\"e-con-inner\">\n\t\t\t\t<div class=\"elementor-element elementor-element-3e4ac93 elementor-widget elementor-widget-ucaddon_post_list\" data-id=\"3e4ac93\" data-element_type=\"widget\" data-widget_type=\"ucaddon_post_list.default\">\n\t\t\t\t<div class=\"elementor-widget-container\">\n\t\t\t\n<!-- start Post List -->\n\n<style>\/* widget: Post List *\/\n\n\n\n#uc_post_list_elementor_3e4ac93{\n  display:grid;\n}\n\n#uc_post_list_elementor_3e4ac93 .uc_post_list_image div{\n  background-size:cover;\n  background-position:center;\n}\n\n.uc_post_list .uc_post_list_box{\n\tposition: relative;\n\toverflow: hidden;\n\tdisplay: flex;\n}\n\n#uc_post_list_elementor_3e4ac93 .uc_post_list_image{\n  flex-grow:0;\n  flex-shrink:0;\n  overflow: hidden;\n}\n\n#uc_post_list_elementor_3e4ac93 .uc_post_list_image img{\n  width:100%;\n  height:100%;\n  display:block;\n  transition:0.3s;  \n}\n\n.uc_post_list_title a{\n\tcolor: #333333;\n    display: block;\n}\n\n.uc_post_list_date{\n\tfont-size: 12px;\n}\n\n#uc_post_list_elementor_3e4ac93 .uc_post_list_content{\n  display:flex;\n  flex-direction:column;\n  flex:1;\n}\n\n#uc_post_list_elementor_3e4ac93 .uc_more_btn{\n  text-align:center;\n  text-decoration:none;\n  transition:0.3s;\n}\n\n#uc_post_list_elementor_3e4ac93 .button-on-side{\n  display:flex;\n  align-items:center;\n}\n\n#uc_post_list_elementor_3e4ac93 .ue-grid-item-category{\n  display: flex;\n  align-items: center;\n}\n\n.ue-grid-item-category a{\n  display:inline-block;\n  font-size:10px;\n  text-transform:uppercase;\n}\n\n#uc_post_list_elementor_3e4ac93 .ue-meta-data{  \n  display:flex;\n  flex-wrap: wrap;\n  line-height:1em;\n}\n\n#uc_post_list_elementor_3e4ac93 .ue-grid-item-meta-data{\n      display:inline-flex;\n      align-items:center;\n}\n\n.ue-grid-item-meta-data{\n  font-size:12px;\n}\n\n#uc_post_list_elementor_3e4ac93 .ue-grid-item-meta-data-icon{\n  line-height:1em;\n}\n\n#uc_post_list_elementor_3e4ac93 .ue-grid-item-meta-data-icon svg{\n  width:1em;\n  height:1em;\n} \n\n#uc_post_list_elementor_3e4ac93 .ue-debug-meta{\n  padding:10px;\n  border:1px solid red;\n  position:relative;\n  line-height:1.5em;\n  font-size:11px;\n  width:100%;\n}\n\n.uc-remote-parent .uc_post_list_box{\n\tcursor:pointer;\n}\n\n#uc_post_list_elementor_3e4ac93 .ue-post-link-overlay{\n  display:block;\n  position:absolute;\n  top:0;\n  bottom:0;\n  right:0;\n  left:0;\n}\n\n\n\n\n<\/style>\n\n<div class=\"uc_post_list uc-items-wrapper uc-filterable-grid \" id=\"uc_post_list_elementor_3e4ac93\"  data-ajax='true'  data-filterbehave='ajax'  querydata='{&quot;count_posts&quot;:3,&quot;total_posts&quot;:3,&quot;page&quot;:1,&quot;num_pages&quot;:1}' >    \t\n  <div class=\"uc_post_list_box\" data-category=\"Mevzuat De\u011fi\u015fiklikleri\">\n\n  \n  \t\t\n  \n    <div class=\"uc_post_list_content\">\n      <div class=\"uc_post_list_content_inside\">\n        \n                          \n        \t        \t\t        \t        \n        \t<div class=\"ue-grid-item-category\">\n                              <a href=\"https:\/\/www.rodopluhukuk.com\/fr\/category\/mevzuat-degisiklikleri\/\" target=\"_self\">Mevzuat De\u011fi\u015fiklikleri<\/a>\n                      \t<\/div>\n        \n                       \n        <h2 class=\"uc_post_list_title\"><a target=\"_self\" href=\"https:\/\/www.rodopluhukuk.com\/fr\/2025-yilinda-hukuk-alaninda-uygulanacak-parasal-sinirlar\/\" title=\"2025 Y\u0131l\u0131nda Hukuk Alan\u0131nda Uygulanacak Parasal S\u0131n\u0131rlar\">2025 Y\u0131l\u0131nda Hukuk Alan\u0131nda Uygulanacak Parasal S\u0131n\u0131rlar<\/a><\/h2>                 \n        <div class=\"ue-meta-data\">\n            <div class=\"ue-grid-item-meta-data\"><span class=\"ue-grid-item-meta-data-icon\"><i class='fas fa-calendar-week'><\/i><\/span>  04 janvier 2025<\/div>                                   \n            \n          \n                        \n            \n                        \n                        \n            \n              \n          <\/div>         \n                \n         <div class=\"uc_post_content\">Her y\u0131l hukuk alan\u0131nda uygulanacak parasal s\u0131n\u0131rlar belirli oranlar \u00fczerinden g\u00fcncellenmekte olup, 2025 y\u0131l\u0131 i\u00e7in belirlenen s\u0131n\u0131rlar a\u015fa\u011f\u0131daki tabloda konsolide edilmi\u015f olarak sunulmaktad\u0131r:\nParasal S\u0131n\u0131r Tablosu\n\n\n\nPARASAL SINIRIN KONUSU\n2024 YILINDA UYGULANACAK PARASAL SINIRLAR\n2025 YILINDA UYGULANACAK...<\/div>           \n        \n                 \n      <\/div>\n    <\/div>\n     \n       \n  \n   <\/div>\n<div class=\"uc_post_list_box\" data-category=\"S\u00f6zle\u015fme Hukuku\">\n\n  \n  \t\t\n  \n    <div class=\"uc_post_list_content\">\n      <div class=\"uc_post_list_content_inside\">\n        \n                          \n        \t        \t\t        \t        \n        \t<div class=\"ue-grid-item-category\">\n                              <a href=\"https:\/\/www.rodopluhukuk.com\/fr\/category\/sozlesme-hukuku\/\" target=\"_self\">S\u00f6zle\u015fme Hukuku<\/a>\n                      \t<\/div>\n        \n                       \n        <h2 class=\"uc_post_list_title\"><a target=\"_self\" href=\"https:\/\/www.rodopluhukuk.com\/fr\/is-sozlesmesinin-ikale-yoluyla-sona-erdirilmesi-ile-makul-yarar-kavrami\/\" title=\"\u0130\u015f S\u00f6zle\u015fmesinin \u0130kale Yoluyla Sona Erdirilmesi ile Makul Yarar Kavram\u0131\">\u0130\u015f S\u00f6zle\u015fmesinin \u0130kale Yoluyla Sona Erdirilmesi ile Makul Yarar Kavram\u0131<\/a><\/h2>                 \n        <div class=\"ue-meta-data\">\n            <div class=\"ue-grid-item-meta-data\"><span class=\"ue-grid-item-meta-data-icon\"><i class='fas fa-calendar-week'><\/i><\/span>  23 juin 2024<\/div>                                   \n            \n          \n                        \n            \n                        \n                        \n            \n              \n          <\/div>         \n                \n         <div class=\"uc_post_content\">Giri\u015f ve Tan\u0131m\nGenel tan\u0131m\u0131 itibariyle ikale, taraflar\u0131n \u00f6nceden yapm\u0131\u015f olduklar\u0131 s\u00f6zle\u015fmeyi, kar\u015f\u0131l\u0131kl\u0131 anla\u015f\u0131p bozarak ortadan kald\u0131rmalar\u0131n\u0131 ifade etmektedir. Nitekim Yarg\u0131tay 9. Hukuk Dairesi\u2019nin, 21.04.2008 tarihli ve E. 2007\/31287, K. 2008\/9600 say\u0131l\u0131 karar\u0131nda ikale s\u00f6zle\u015fmesinden \u015fu \u015fekilde bahsetmektedir:\n\u201c\u2026...<\/div>           \n        \n                 \n      <\/div>\n    <\/div>\n     \n       \n  \n   <\/div>\n<div class=\"uc_post_list_box\" data-category=\"Mevzuat De\u011fi\u015fiklikleri\">\n\n  \n  \t\t\n  \n    <div class=\"uc_post_list_content\">\n      <div class=\"uc_post_list_content_inside\">\n        \n                          \n        \t        \t\t        \t        \n        \t<div class=\"ue-grid-item-category\">\n                              <a href=\"https:\/\/www.rodopluhukuk.com\/fr\/category\/mevzuat-degisiklikleri\/\" target=\"_self\">Mevzuat De\u011fi\u015fiklikleri<\/a>\n                      \t<\/div>\n        \n                       \n        <h2 class=\"uc_post_list_title\"><a target=\"_self\" href=\"https:\/\/www.rodopluhukuk.com\/fr\/kamuoyunda-8-yargi-paketi-olarak-bilinen-kanun-ile-yapilan-temel-degisiklikler-ve-yururluk-tarihleri\/\" title=\"Kamuoyunda 8. Yarg\u0131 Paketi Olarak Bilinen Kanun ile Yap\u0131lan Temel De\u011fi\u015fiklikler ve Y\u00fcr\u00fcrl\u00fck Tarihleri\">Kamuoyunda 8. Yarg\u0131 Paketi Olarak Bilinen Kanun ile Yap\u0131lan Temel De\u011fi\u015fiklikler ve Y\u00fcr\u00fcrl\u00fck Tarihleri<\/a><\/h2>                 \n        <div class=\"ue-meta-data\">\n            <div class=\"ue-grid-item-meta-data\"><span class=\"ue-grid-item-meta-data-icon\"><i class='fas fa-calendar-week'><\/i><\/span>  23 juin 2024<\/div>                                   \n            \n          \n                        \n            \n                        \n                        \n            \n              \n          <\/div>         \n                \n         <div class=\"uc_post_content\">Uzunca bir s\u00fcredir yay\u0131nlanmas\u0131 beklenen ve bas\u0131nda \u201c8. Yarg\u0131 Paketi\u201d olarak adland\u0131r\u0131lan, 7499 say\u0131l\u0131\u00a0 Ceza Muhakemesi Kanunu ile Baz\u0131 Kanunlarda De\u011fi\u015fiklik Yap\u0131lmas\u0131na Dair Kanun (\u201cKanun\u201d) 12.03.2024 tarihli ve 32487 \u00a0say\u0131l\u0131 Resm\u00ee Gazete\u2019de yay\u0131mland\u0131. Kanun ile getirilen d\u00fczenlemeler do\u011frultusunda...<\/div>           \n        \n                 \n      <\/div>\n    <\/div>\n     \n       \n  \n   <\/div>\n\n<\/div>\n\n\n  <div id=\"uc_post_list_elementor_3e4ac93_empty_message\" class=\"ue-no-posts-found\"  style=\"display:none\" >Hi\u00e7 yaz\u0131 bulunamad\u0131<\/div>\n\n\n<!-- end Post List -->\t\t<\/div>\n\t\t\t\t<\/div>\n\t\t\t\t\t<\/div>\n\t\t\t\t<\/div>\n\t\t\t\t\t<\/div>\n\t\t\t\t<\/div>\n\t\t\t\t\t<\/div>\n\t\t\t\t<\/div>\n\t\t\t\t<\/div>\n\t\t","protected":false},"excerpt":{"rendered":"<p>Les articles de cette section ne sont disponibles qu&rsquo;en turc. Tous Mevzuat De\u011fi\u015fiklikleri S\u00f6zle\u015fme Hukuku S\u00f6zle\u015fme Hukuku \u0130\u015f S\u00f6zle\u015fmesinin \u0130kale Yoluyla Sona Erdirilmesi ile Makul Yarar Kavram\u0131 23 Haziran 2024 Giri\u015f ve Tan\u0131m Genel tan\u0131m\u0131 itibariyle ikale, taraflar\u0131n \u00f6nceden yapm\u0131\u015f olduklar\u0131 s\u00f6zle\u015fmeyi, kar\u015f\u0131l\u0131kl\u0131 anla\u015f\u0131p bozarak ortadan kald\u0131rmalar\u0131n\u0131 ifade etmektedir. Nitekim Yarg\u0131tay 9. Hukuk Dairesi\u2019nin, 21.04.2008 [&hellip;]<\/p>\n","protected":false},"author":1,"featured_media":0,"parent":0,"menu_order":0,"comment_status":"closed","ping_status":"closed","template":"","meta":{"_monsterinsights_skip_tracking":false,"_monsterinsights_sitenote_active":false,"_monsterinsights_sitenote_note":"","_monsterinsights_sitenote_category":0,"footnotes":""},"class_list":["post-810","page","type-page","status-publish","hentry"],"acf":[],"_links":{"self":[{"href":"https:\/\/www.rodopluhukuk.com\/fr\/wp-json\/wp\/v2\/pages\/810","targetHints":{"allow":["GET"]}}],"collection":[{"href":"https:\/\/www.rodopluhukuk.com\/fr\/wp-json\/wp\/v2\/pages"}],"about":[{"href":"https:\/\/www.rodopluhukuk.com\/fr\/wp-json\/wp\/v2\/types\/page"}],"author":[{"embeddable":true,"href":"https:\/\/www.rodopluhukuk.com\/fr\/wp-json\/wp\/v2\/users\/1"}],"replies":[{"embeddable":true,"href":"https:\/\/www.rodopluhukuk.com\/fr\/wp-json\/wp\/v2\/comments?post=810"}],"version-history":[{"count":1,"href":"https:\/\/www.rodopluhukuk.com\/fr\/wp-json\/wp\/v2\/pages\/810\/revisions"}],"predecessor-version":[{"id":811,"href":"https:\/\/www.rodopluhukuk.com\/fr\/wp-json\/wp\/v2\/pages\/810\/revisions\/811"}],"wp:attachment":[{"href":"https:\/\/www.rodopluhukuk.com\/fr\/wp-json\/wp\/v2\/media?parent=810"}],"curies":[{"name":"wp","href":"https:\/\/api.w.org\/{rel}","templated":true}]}}